{"id":43,"date":"2022-09-29T20:43:23","date_gmt":"2022-09-29T23:43:23","guid":{"rendered":"https:\/\/legiaodemaria.org.br\/?page_id=43"},"modified":"2022-11-20T15:08:49","modified_gmt":"2022-11-20T18:08:49","slug":"__trashed-3__trashed","status":"publish","type":"page","link":"https:\/\/legiaodemaria.org.br\/index.php\/__trashed-3__trashed\/","title":{"rendered":"Conselhos"},"content":{"rendered":"\n<p class=\"wp-block-paragraph\">A Legi\u00e3o de Maria cont\u00e9m uma organiza\u00e7\u00e3o hier\u00e1rquica para garantir a unidade da associa\u00e7\u00e3o em todo o mundo. Os conselhos s\u00e3o respons\u00e1veis por supervisionar os praesidia ou outros conselhos de maneira a cumprir o que \u00e9 preconizado no manual da Legi\u00e3o, para que todos tenham sempre o mesmo o direcionamento e o mesmo objetivo, independente do seu pa\u00eds e da sua cultura.<\/p>\n\n\n\n<p class=\"wp-block-paragraph\">Os nomes dos conselhos s\u00e3o todos em latim e abaixo est\u00e1 a explica\u00e7\u00e3o de cada um:<\/p>\n\n\n\n<h4 class=\"wp-block-heading\" style=\"font-size:30px\">1- <strong>Concilium (&#8220;Conselho&#8221;)<\/strong><\/h4>\n\n\n\n<p class=\"wp-block-paragraph\">H\u00e1 um Conselho Central chamado \u201cConcilium Legionis Mariae\u201d, revestido da suprema autoridade administrativa da Legi\u00e3o. S\u00f3 a este Conselho pertence o direito de criar novos regulamentos, alterar ou interpretar os estabelecidos; fundar ou suprimir quaisquer Praesidia e Conselhos subordinados, no mundo inteiro; determinar o modo de agir em todas as situa\u00e7\u00f5es; decidir todas as disputas e apela\u00e7\u00f5es, todas as quest\u00f5es de filia\u00e7\u00e3o legion\u00e1ria, tudo o que se refere \u00e0 oportunidade de empreendimentos ou maneiras de realiz\u00e1-los e de acordo com os Estatutos e regras da Legi\u00e3o, o direito de reformar o Manual. O \u201cConcilium Legionis Mariae\u201d se re\u00fane mensalmente, em Dublim, na Irlanda.<\/p>\n\n\n\n<p class=\"wp-block-paragraph\"><\/p>\n\n\n\n<h2 class=\"wp-block-heading\" style=\"font-size:30px\"><strong>2 &#8211; Senatus&nbsp;(&#8220;Senado&#8221;)<\/strong><\/h2>\n\n\n\n<p class=\"wp-block-paragraph\">O Conselho designado pelo Concilium para exercer autoridade sobre a Legi\u00e3o numa na\u00e7\u00e3o ser\u00e1 chamado Senatus. Deve estar filiado diretamente ao Concilium.<\/p>\n\n\n\n<p class=\"wp-block-paragraph\">Nos pa\u00edses, em que, por causa da extens\u00e3o ou de outros motivos, um \u00fanico Senatus n\u00e3o puder desempenhar totalmente as suas fun\u00e7\u00f5es, ser\u00e3o criados dois ou mais Senatus, cada um dos quais depender\u00e1 diretamente do Concilium e exercer\u00e1 autoridade sobre a Legi\u00e3o na \u00e1rea que lhe for confiada.&nbsp;No Brasil, atualmente, h\u00e1 11 Senatus.<\/p>\n\n\n\n<p class=\"wp-block-paragraph\"><\/p>\n\n\n\n<h2 class=\"wp-block-heading\" style=\"font-size:30px\"><strong>3 &#8211; Regia&nbsp;(&#8220;Grande Conselho Regional&#8221;)<\/strong><\/h2>\n\n\n\n<p class=\"wp-block-paragraph\">O Conselho escolhido pelo Concilium para exercer autoridade sobre a Legi\u00e3o de Maria numa regi\u00e3o, logo abaixo do Senatus, \u00e9 chamado Regia. O Concilium decidir\u00e1 se a Regia deve estar diretamente filiada ao Concilium ou ao Senatus.&nbsp;No Brasil, atualmente, h\u00e1 15 Regi\u00e6.<\/p>\n\n\n\n<p class=\"wp-block-paragraph\"><\/p>\n\n\n\n<h2 class=\"wp-block-heading\" style=\"font-size:30px\"><strong>4 &#8211; Comitium&nbsp;(&#8220;Assembleia&#8221;)<\/strong><\/h2>\n\n\n\n<p class=\"wp-block-paragraph\">Onde for necess\u00e1rio conferir a uma Curia, al\u00e9m das fun\u00e7\u00f5es pr\u00f3prias, certos poderes de administra\u00e7\u00e3o sobre uma ou v\u00e1rias Curiae, tal Curia superior tomar\u00e1 a denomina\u00e7\u00e3o particular de Comitium.&nbsp;O Comitium n\u00e3o \u00e9 um novo Conselho. Continua a agir como Curia em rela\u00e7\u00e3o \u00e0 sua pr\u00f3pria \u00e1rea e a governar diretamente os seus pr\u00f3prios Praesidia. Al\u00e9m disso, administra uma ou mais Curiae.&nbsp;O Comitium, em geral, n\u00e3o dever\u00e1 ultrapassar os limites de uma Diocese.<\/p>\n\n\n\n<p class=\"wp-block-paragraph\"><\/p>\n\n\n\n<h2 class=\"wp-block-heading\" style=\"font-size:30px\"><strong>5&nbsp;&#8211; Curia&nbsp;(&#8220;Corte&#8221;)<\/strong><\/h2>\n\n\n\n<p class=\"wp-block-paragraph\">Logo que numa cidade ou regi\u00e3o se fundem dois ou mais Praesidia, deve formar-se tamb\u00e9m um Conselho diretivo chamado Curia. Esta ser\u00e1 constitu\u00edda por todos os Oficiais (incluindo os Diretores Espirituais) dos Praesidia da respectiva \u00e1rea.<\/p>\n\n\n\n<p class=\"wp-block-paragraph\">Os legion\u00e1rios com menos de 18 anos n\u00e3o podem pertencer a uma Curia de adultos; mas, se houver conveni\u00eancia, se fundar\u00e1 uma Curia Juvenil, dependente da primeira.<\/p>\n\n\n\n<p class=\"wp-block-paragraph\">A Curia deve providenciar para que cada Praesidium seja visitado periodicamente duas vezes por ano, se poss\u00edvel, a fim de o estimular e de se assegurar de que tudo caminha ordenadamente<\/p>\n\n\n\n<p class=\"wp-block-paragraph\"><\/p>\n\n\n\n<h2 class=\"wp-block-heading\" style=\"font-size:30px\"><strong>6 &#8211;&nbsp;Praesidium (&#8220;Prote\u00e7\u00e3o&#8221;)<\/strong><\/h2>\n\n\n\n<p class=\"wp-block-paragraph\">O n\u00facleo de Membros Ativos da Legi\u00e3o de Maria chama-se Praesidium. Esta palavra latina indicava um destacamento da Legi\u00e3o Romana incumbido de determinada tarefa: um setor da linha de batalha, uma pra\u00e7a forte, uma guarni\u00e7\u00e3o. Consequentemente, o termo Praesidium \u00e9 aplicado, com a m\u00e1xima raz\u00e3o, \u00e0 unidade org\u00e2nica da Legi\u00e3o de Maria.<\/p>\n\n\n\n<p class=\"wp-block-paragraph\">Cada Praesidium adota como nome um t\u00edtulo de Nossa Senhora, por exemplo: \u201cNossa Senhora da Miseric\u00f3rdia\u201d, ou o de um dos seus privil\u00e9gios, como \u201cImaculada Concei\u00e7\u00e3o\u201d, ou, finalmente, o de algum acontecimento da sua vida, p. ex., \u201cA Visita\u00e7\u00e3o\u201d.<\/p>\n\n\n\n<p class=\"wp-block-paragraph\">O Praesidium tem autoridade sobre todos os seus membros e poder para regular as suas atividades legion\u00e1rias. Os membros, por seu lado, devem obedecer lealmente a todas as ordens leg\u00edtimas do Praesidium.<\/p>\n\n\n\n<p class=\"wp-block-paragraph\">Nenhum Praesidium deve ser fundado sem pr\u00e9via licen\u00e7a de sua Curia ou, \u00e0 falta desta, do Conselho Superior imediato, ou ainda, em \u00faltimo recurso, do Concilium. O novo Praesidium depender\u00e1 diretamente do Conselho que autorizou a sua funda\u00e7\u00e3o.<\/p>\n\n\n\n<p class=\"wp-block-paragraph\">Nenhum Praesidium deve ser fundado em qualquer par\u00f3quia, sem o consentimento do P\u00e1roco ou do Ordin\u00e1rio. Um ou outro deve ser convidado a presidir \u00e0 cerim\u00f4nia da inaugura\u00e7\u00e3o.<\/p>\n\n\n\n<p class=\"wp-block-paragraph\">O Praesidium deve se reunir regularmente, uma vez por semana. A reuni\u00e3o dever\u00e1 ser feita conforme o estabelecido no Cap\u00edtulo intitulado \u201cOrdem a observar na reuni\u00e3o do Praesidium.\u201d<\/p>\n\n\n\n<p class=\"has-text-align-right wp-block-paragraph\"><\/p>\n\n\n<div class=\"wp-block-image\">\n<figure class=\"aligncenter size-full\"><img data-recalc-dims=\"1\" loading=\"lazy\" decoding=\"async\" width=\"600\" height=\"370\" src=\"https:\/\/i0.wp.com\/legiaodemaria.org.br\/wp-content\/uploads\/2022\/09\/92942b_c139b58c34834797bee267d1e60f66e1-1.webp?resize=600%2C370&#038;ssl=1\" alt=\"\" class=\"wp-image-131\" srcset=\"https:\/\/i0.wp.com\/legiaodemaria.org.br\/wp-content\/uploads\/2022\/09\/92942b_c139b58c34834797bee267d1e60f66e1-1.webp?w=600&amp;ssl=1 600w, https:\/\/i0.wp.com\/legiaodemaria.org.br\/wp-content\/uploads\/2022\/09\/92942b_c139b58c34834797bee267d1e60f66e1-1.webp?resize=300%2C185&amp;ssl=1 300w\" sizes=\"auto, (max-width: 600px) 100vw, 600px\" \/><\/figure>\n<\/div>\n\n\n<p class=\"has-text-align-right wp-block-paragraph\">Texto: Luciane Justiniano do Carmo<\/p>\n\n\n\n<p class=\"wp-block-paragraph\"><\/p>\n","protected":false},"excerpt":{"rendered":"<p>A Legi\u00e3o de Maria cont\u00e9m uma organiza\u00e7\u00e3o hier\u00e1rquica para garantir a unidade da associa\u00e7\u00e3o em todo o mundo. Os conselhos [&#8230;]<\/p>\n","protected":false},"author":3,"featured_media":0,"parent":0,"menu_order":0,"comment_status":"closed","ping_status":"closed","template":"","meta":{"_crdt_document":"","footnotes":""},"class_list":["post-43","page","type-page","status-publish","hentry"],"jetpack-related-posts":[{"id":44,"url":"https:\/\/legiaodemaria.org.br\/index.php\/__trashed-4__trashed\/","url_meta":{"origin":43,"position":0},"title":"Sinais de Santidades","author":"Alex Silva","date":"setembro 29, 2022","format":false,"excerpt":"A Legi\u00e3o de Maria est\u00e1 presente no mundo todo gra\u00e7as a sua Santa funda\u00e7\u00e3o, alicer\u00e7ada em ora\u00e7\u00e3o e confiante da intercess\u00e3o de Maria, e aos mission\u00e1rios que foram enviados para v\u00e1rios pa\u00edses levando Cristo e a Legi\u00e3o ao mundo. A Legi\u00e3o reza pela beatifica\u00e7\u00e3o de 3 legion\u00e1rios que s\u00e3o exemplos\u2026","rel":"","context":"Post similar","block_context":{"text":"Post similar","link":""},"img":{"alt_text":"","src":"https:\/\/i0.wp.com\/legiaodemaria.org.br\/wp-content\/uploads\/2022\/09\/92942b_36cec45e849f43f5ba4904570cb2de8b.webp?resize=350%2C200&ssl=1","width":350,"height":200},"classes":[]},{"id":46,"url":"https:\/\/legiaodemaria.org.br\/index.php\/__trashed-6__trashed\/","url_meta":{"origin":43,"position":1},"title":"Artigos","author":"Alex Silva","date":"setembro 29, 2022","format":false,"excerpt":"ALLOCUTIO \"O estudo do Manual \u00e9 um meio excelente (para os\u00a0membros se familiarizarem completamente com as ideias nele), mas nunca poder\u00e1 substituir a Alocu\u00e7\u00e3o. Alguns legion\u00e1rios pensam ter estudado o Manual de modo satisfat\u00f3rio s\u00f3 porque o leram atentamente duas ou tr\u00eas vezes. Ora nem dez nem vinte leituras dar\u00e3o\u2026","rel":"","context":"Post similar","block_context":{"text":"Post similar","link":""},"img":{"alt_text":"","src":"","width":0,"height":0},"classes":[]},{"id":1403,"url":"https:\/\/legiaodemaria.org.br\/index.php\/allocutio-2\/","url_meta":{"origin":43,"position":2},"title":"Allocutio","author":"Alex Silva","date":"novembro 12, 2022","format":false,"excerpt":"O estudo do Manual \u00e9 um meio excelente (para os\u00a0membros se familiarizarem completamente com as id\u00e9ias nele), mas nunca poder\u00e1 substituir a Alocu\u00e7\u00e3o. Alguns legion\u00e1rios pensam ter estudado o Manual de modo satisfat\u00f3rio s\u00f3 porque o leram atentamente duas ou tr\u00eas vezes. Ora nem dez nem vinte leituras dar\u00e3o a\u2026","rel":"","context":"Post similar","block_context":{"text":"Post similar","link":""},"img":{"alt_text":"","src":"","width":0,"height":0},"classes":[]},{"id":1355,"url":"https:\/\/legiaodemaria.org.br\/index.php\/quem-somos\/","url_meta":{"origin":43,"position":3},"title":"Legi\u00e3o de Maria","author":"Alex Silva","date":"novembro 12, 2022","format":false,"excerpt":"O Senatus Assumpta, do Rio de Janeiro, \u00e9 respons\u00e1vel pela Legi\u00e3o de Maria em uma vasta \u00e1rea do pa\u00eds, incluindo os estados do Rio de Janeiro, Esp\u00edrito Santo, Amazonas, Roraima, Acre e Rond\u00f4nia. Est\u00e3o filiadas a ele tr\u00eas Regiae: Immaculata (Vit\u00f3ria - ES), Deigenitrix (Niter\u00f3i - RJ) e Regina Apostolorum\u2026","rel":"","context":"Post similar","block_context":{"text":"Post similar","link":""},"img":{"alt_text":"","src":"","width":0,"height":0},"classes":[]},{"id":45,"url":"https:\/\/legiaodemaria.org.br\/index.php\/__trashed-5__trashed\/","url_meta":{"origin":43,"position":4},"title":"Not\u00edcias","author":"Alex Silva","date":"setembro 29, 2022","format":false,"excerpt":"Mensagem Padre F\u00e1bio Silveira - Maio 2021 Uma Romaria na Pandemia Homenagem \u00e0 Irm\u00e3 Z\u00e9lia Rainha COMUNICADO SOBRE COVID-19 Chamada - Caminhada da Legi\u00e3o de Maria ao Santu\u00e1rio da Penha - 2019 Chamada - Aniversario da Legi\u00e3o de Maria 2019 1\u00ba F\u00f3rum da Juventude Legion\u00e1ria do Rio de Janeiro 1\u00ba\u2026","rel":"","context":"Post similar","block_context":{"text":"Post similar","link":""},"img":{"alt_text":"","src":"","width":0,"height":0},"classes":[]},{"id":1644,"url":"https:\/\/legiaodemaria.org.br\/index.php\/__trashed-3__trashed\/senatus-assumpta-rj\/","url_meta":{"origin":43,"position":5},"title":"Senatus Assumpta RJ","author":"Alex Silva","date":"novembro 16, 2022","format":false,"excerpt":"O Senatus Assumpta, do Rio de Janeiro, \u00e9 respons\u00e1vel pela Legi\u00e3o de Maria em uma vasta \u00e1rea do pa\u00eds, incluindo os estados do Rio de Janeiro, Esp\u00edrito Santo, Amazonas, Roraima, Acre e Rond\u00f4nia. Est\u00e3o filiadas a ele tr\u00eas Regiae: Immaculata (Vit\u00f3ria - ES), Deigenitrix (Niter\u00f3i - RJ) e Regina Apostolorum\u2026","rel":"","context":"Post similar","block_context":{"text":"Post similar","link":""},"img":{"alt_text":"","src":"","width":0,"height":0},"classes":[]}],"jetpack_sharing_enabled":true,"jetpack_shortlink":"https:\/\/wp.me\/PehtMR-H","_links":{"self":[{"href":"https:\/\/legiaodemaria.org.br\/index.php\/wp-json\/wp\/v2\/pages\/43","targetHints":{"allow":["GET"]}}],"collection":[{"href":"https:\/\/legiaodemaria.org.br\/index.php\/wp-json\/wp\/v2\/pages"}],"about":[{"href":"https:\/\/legiaodemaria.org.br\/index.php\/wp-json\/wp\/v2\/types\/page"}],"author":[{"embeddable":true,"href":"https:\/\/legiaodemaria.org.br\/index.php\/wp-json\/wp\/v2\/users\/3"}],"replies":[{"embeddable":true,"href":"https:\/\/legiaodemaria.org.br\/index.php\/wp-json\/wp\/v2\/comments?post=43"}],"version-history":[{"count":6,"href":"https:\/\/legiaodemaria.org.br\/index.php\/wp-json\/wp\/v2\/pages\/43\/revisions"}],"predecessor-version":[{"id":1794,"href":"https:\/\/legiaodemaria.org.br\/index.php\/wp-json\/wp\/v2\/pages\/43\/revisions\/1794"}],"wp:attachment":[{"href":"https:\/\/legiaodemaria.org.br\/index.php\/wp-json\/wp\/v2\/media?parent=43"}],"curies":[{"name":"wp","href":"https:\/\/api.w.org\/{rel}","templated":true}]}}