{"id":2082,"date":"2023-08-17T10:46:19","date_gmt":"2023-08-17T13:46:19","guid":{"rendered":"https:\/\/legiaodemaria.org.br\/?page_id=2082"},"modified":"2023-08-17T16:12:06","modified_gmt":"2023-08-17T19:12:06","slug":"padre-jorge-paulo","status":"publish","type":"page","link":"https:\/\/legiaodemaria.org.br\/index.php\/padre-jorge-paulo\/","title":{"rendered":"Padre Jorge Paulo"},"content":{"rendered":"\n<p class=\"has-black-color has-text-color has-link-color wp-elements-04434a8adba8002a59258240688fddb1 wp-block-paragraph\">     Padre Jorge Paulo Ponciano de Farias \u00e9 do clero da Arquidiocese de Belo Horizonte &#8211; Minas Gerais. Trabalha na Par\u00f3quia Sagrada Fam\u00edlia de Nazar\u00e9, Ribeir\u00e3o das Neves Regi\u00e3o Metropolitana de Belo Horizonte, onde \u00e9 Administrador Paroquial. <br><br>   Atualmente \u00e9 Diretor Espiritual do Comitium Nossa Senhora do Ros\u00e1rio, e da Curia Nossa Senhora M\u00e3e Am\u00e1vel; ECC (Encontro de Casais com Cristo) da Arquidiocese e da \u00a0Regi\u00e3o Episcopal Nossa Senhora da Concei\u00e7\u00e3o (Rensc); Apostolado da Ora\u00e7\u00e3o, Pastoral Familiar, MESCE (Ministros Extraordin\u00e1rios da Comunh\u00e3o Eucar\u00edstica) da Forania Nossa Senhora das Neves, da Cidade dos Meninos S\u00e3o Vicente de Paulo, e outros trabalhos na Forania e na Regi\u00e3o Episcopal. <\/p>\n\n\n\n<p class=\"has-black-color has-text-color has-link-color wp-elements-70a5ff692df3677c1550f0f12a8c0a25 wp-block-paragraph\">   Foi Diretor Espiritual da Regia Nossa Senhora da Gl\u00f3ria de Montes claros MG, trabalhou com ECC e nas par\u00f3quias da Arquidiocese. Foi Diretor Espiritual da Curia Nossa Senhora Rainha em Janu\u00e1ria\/MG, da Curia Nossa Senhora M\u00e3e da Divina Gra\u00e7a em Glaucil\u00e2ndia\/MG. Hoje mora em Ribeir\u00e3o das Neves regi\u00e3o Metropolitana de Belo Horizonte &#8211; Minas Gerais.<\/p>\n\n\n\n<p class=\"wp-block-paragraph\">Reflex\u00f5es Evangelho do dia<\/p>\n\n\n\n<p class=\"has-medium-font-size wp-block-paragraph\"><a href=\"https:\/\/legiaodemaria.org.br\/?p=2085\">Agosto 2023<\/a><\/p>\n\n\n\n<p class=\"wp-block-paragraph\"><\/p>\n","protected":false},"excerpt":{"rendered":"<p>Padre Jorge Paulo Ponciano de Farias \u00e9 do clero da Arquidiocese de Belo Horizonte &#8211; Minas Gerais. Trabalha na Par\u00f3quia [&#8230;]<\/p>\n","protected":false},"author":3,"featured_media":2088,"parent":0,"menu_order":0,"comment_status":"closed","ping_status":"closed","template":"","meta":{"_crdt_document":"","footnotes":""},"class_list":["post-2082","page","type-page","status-publish","has-post-thumbnail","hentry"],"jetpack-related-posts":[{"id":1926,"url":"https:\/\/legiaodemaria.org.br\/index.php\/__trashed-3__trashed\/1926-2\/","url_meta":{"origin":2082,"position":0},"title":"Conselhos do Brasil","author":"Alex Silva","date":"novembro 26, 2022","format":false,"excerpt":"Senatus Assumpta - Rio de Janeiro \/ RJ\u00a0Rua Benjamim Constant, 23, sala 505\u00a0Gl\u00f3ria - Rio de Janeiro \/ RJ\u00a0CEP: 20241-150\u00a0Fone: (21) 2224.1873\u00a0\u00a0WhatsApp: (21) 2224.1873Site: www.legiaodemaria.org.bre-mail: senatus@legiaodemaria.org.brRegia Immaculata - Vit\u00f3ria \/ ES\u00a0Av. Hugo Musso, 2042, apto 602\u00a0Praia de Itapu\u00e3 - Vila Velha - Vit\u00f3ria \/ ES\u00a0CEP: 29101-281\u00a0Fone:\u00a0\u00a0Regia Deigenitrix - Niter\u00f3i \/\u2026","rel":"","context":"Post similar","block_context":{"text":"Post similar","link":""},"img":{"alt_text":"","src":"","width":0,"height":0},"classes":[]},{"id":43,"url":"https:\/\/legiaodemaria.org.br\/index.php\/__trashed-3__trashed\/","url_meta":{"origin":2082,"position":1},"title":"Conselhos","author":"Alex Silva","date":"setembro 29, 2022","format":false,"excerpt":"A Legi\u00e3o de Maria cont\u00e9m uma organiza\u00e7\u00e3o hier\u00e1rquica para garantir a unidade da associa\u00e7\u00e3o em todo o mundo. Os conselhos s\u00e3o respons\u00e1veis por supervisionar os praesidia ou outros conselhos de maneira a cumprir o que \u00e9 preconizado no manual da Legi\u00e3o, para que todos tenham sempre o mesmo o direcionamento\u2026","rel":"","context":"Post similar","block_context":{"text":"Post similar","link":""},"img":{"alt_text":"","src":"https:\/\/i0.wp.com\/legiaodemaria.org.br\/wp-content\/uploads\/2022\/09\/92942b_c139b58c34834797bee267d1e60f66e1-1.webp?resize=350%2C200&ssl=1","width":350,"height":200,"srcset":"https:\/\/i0.wp.com\/legiaodemaria.org.br\/wp-content\/uploads\/2022\/09\/92942b_c139b58c34834797bee267d1e60f66e1-1.webp?resize=350%2C200&ssl=1 1x, https:\/\/i0.wp.com\/legiaodemaria.org.br\/wp-content\/uploads\/2022\/09\/92942b_c139b58c34834797bee267d1e60f66e1-1.webp?resize=525%2C300&ssl=1 1.5x"},"classes":[]},{"id":45,"url":"https:\/\/legiaodemaria.org.br\/index.php\/__trashed-5__trashed\/","url_meta":{"origin":2082,"position":2},"title":"Not\u00edcias","author":"Alex Silva","date":"setembro 29, 2022","format":false,"excerpt":"Mensagem Padre F\u00e1bio Silveira - Maio 2021 Uma Romaria na Pandemia Homenagem \u00e0 Irm\u00e3 Z\u00e9lia Rainha COMUNICADO SOBRE COVID-19 Chamada - Caminhada da Legi\u00e3o de Maria ao Santu\u00e1rio da Penha - 2019 Chamada - Aniversario da Legi\u00e3o de Maria 2019 1\u00ba F\u00f3rum da Juventude Legion\u00e1ria do Rio de Janeiro 1\u00ba\u2026","rel":"","context":"Post similar","block_context":{"text":"Post similar","link":""},"img":{"alt_text":"","src":"","width":0,"height":0},"classes":[]},{"id":46,"url":"https:\/\/legiaodemaria.org.br\/index.php\/__trashed-6__trashed\/","url_meta":{"origin":2082,"position":3},"title":"Artigos","author":"Alex Silva","date":"setembro 29, 2022","format":false,"excerpt":"ALLOCUTIO \"O estudo do Manual \u00e9 um meio excelente (para os\u00a0membros se familiarizarem completamente com as ideias nele), mas nunca poder\u00e1 substituir a Alocu\u00e7\u00e3o. Alguns legion\u00e1rios pensam ter estudado o Manual de modo satisfat\u00f3rio s\u00f3 porque o leram atentamente duas ou tr\u00eas vezes. Ora nem dez nem vinte leituras dar\u00e3o\u2026","rel":"","context":"Post similar","block_context":{"text":"Post similar","link":""},"img":{"alt_text":"","src":"","width":0,"height":0},"classes":[]},{"id":1403,"url":"https:\/\/legiaodemaria.org.br\/index.php\/allocutio-2\/","url_meta":{"origin":2082,"position":4},"title":"Allocutio","author":"Alex Silva","date":"novembro 12, 2022","format":false,"excerpt":"O estudo do Manual \u00e9 um meio excelente (para os\u00a0membros se familiarizarem completamente com as id\u00e9ias nele), mas nunca poder\u00e1 substituir a Alocu\u00e7\u00e3o. Alguns legion\u00e1rios pensam ter estudado o Manual de modo satisfat\u00f3rio s\u00f3 porque o leram atentamente duas ou tr\u00eas vezes. Ora nem dez nem vinte leituras dar\u00e3o a\u2026","rel":"","context":"Post similar","block_context":{"text":"Post similar","link":""},"img":{"alt_text":"","src":"","width":0,"height":0},"classes":[]},{"id":1355,"url":"https:\/\/legiaodemaria.org.br\/index.php\/quem-somos\/","url_meta":{"origin":2082,"position":5},"title":"Legi\u00e3o de Maria","author":"Alex Silva","date":"novembro 12, 2022","format":false,"excerpt":"O Senatus Assumpta, do Rio de Janeiro, \u00e9 respons\u00e1vel pela Legi\u00e3o de Maria em uma vasta \u00e1rea do pa\u00eds, incluindo os estados do Rio de Janeiro, Esp\u00edrito Santo, Amazonas, Roraima, Acre e Rond\u00f4nia. Est\u00e3o filiadas a ele tr\u00eas Regiae: Immaculata (Vit\u00f3ria - ES), Deigenitrix (Niter\u00f3i - RJ) e Regina Apostolorum\u2026","rel":"","context":"Post similar","block_context":{"text":"Post similar","link":""},"img":{"alt_text":"","src":"","width":0,"height":0},"classes":[]}],"jetpack_sharing_enabled":true,"jetpack_shortlink":"https:\/\/wp.me\/PehtMR-xA","_links":{"self":[{"href":"https:\/\/legiaodemaria.org.br\/index.php\/wp-json\/wp\/v2\/pages\/2082","targetHints":{"allow":["GET"]}}],"collection":[{"href":"https:\/\/legiaodemaria.org.br\/index.php\/wp-json\/wp\/v2\/pages"}],"about":[{"href":"https:\/\/legiaodemaria.org.br\/index.php\/wp-json\/wp\/v2\/types\/page"}],"author":[{"embeddable":true,"href":"https:\/\/legiaodemaria.org.br\/index.php\/wp-json\/wp\/v2\/users\/3"}],"replies":[{"embeddable":true,"href":"https:\/\/legiaodemaria.org.br\/index.php\/wp-json\/wp\/v2\/comments?post=2082"}],"version-history":[{"count":6,"href":"https:\/\/legiaodemaria.org.br\/index.php\/wp-json\/wp\/v2\/pages\/2082\/revisions"}],"predecessor-version":[{"id":2126,"href":"https:\/\/legiaodemaria.org.br\/index.php\/wp-json\/wp\/v2\/pages\/2082\/revisions\/2126"}],"wp:featuredmedia":[{"embeddable":true,"href":"https:\/\/legiaodemaria.org.br\/index.php\/wp-json\/wp\/v2\/media\/2088"}],"wp:attachment":[{"href":"https:\/\/legiaodemaria.org.br\/index.php\/wp-json\/wp\/v2\/media?parent=2082"}],"curies":[{"name":"wp","href":"https:\/\/api.w.org\/{rel}","templated":true}]}}