{"id":1944,"date":"2022-11-27T17:09:18","date_gmt":"2022-11-27T20:09:18","guid":{"rendered":"https:\/\/legiaodemaria.org.br\/?page_id=1944"},"modified":"2023-09-14T11:48:31","modified_gmt":"2023-09-14T14:48:31","slug":"allocutio-boletim-concilium-outubro-2022","status":"publish","type":"page","link":"https:\/\/legiaodemaria.org.br\/index.php\/allocutio-boletim-concilium-outubro-2022\/","title":{"rendered":"Boletim Concilium"},"content":{"rendered":"\n<p class=\"has-text-align-left has-medium-font-size wp-block-paragraph\"><a href=\"https:\/\/legiaodemaria.org.br\/?p=2114\">Boletim do Concilium Julho de 2023<\/a><\/p>\n\n\n\n<p class=\"has-medium-font-size wp-block-paragraph\"><a href=\"https:\/\/legiaodemaria.org.br\/index.php\/2022\/11\/29\/boletim-do-concilium-outubro-2022\/\" target=\"_blank\" rel=\"noreferrer noopener\">Boletim do Concilium outubro de 2022<\/a><\/p>\n\n\n\n<p class=\"has-black-color has-text-color has-medium-font-size wp-block-paragraph\"><a rel=\"noreferrer noopener\" href=\"https:\/\/legiaodemaria.org.br\/?p=1979\" target=\"_blank\">Boletim do Concilium setembro de 2022<\/a><\/p>\n\n\n\n<p class=\"wp-block-paragraph\"><\/p>\n","protected":false},"excerpt":{"rendered":"<p>Boletim do Concilium Julho de 2023 Boletim do Concilium outubro de 2022 Boletim do Concilium setembro de 2022<\/p>\n","protected":false},"author":3,"featured_media":0,"parent":0,"menu_order":0,"comment_status":"closed","ping_status":"closed","template":"","meta":{"_crdt_document":"","footnotes":""},"class_list":["post-1944","page","type-page","status-publish","hentry"],"jetpack-related-posts":[{"id":1403,"url":"https:\/\/legiaodemaria.org.br\/index.php\/allocutio-2\/","url_meta":{"origin":1944,"position":0},"title":"Allocutio","author":"Alex Silva","date":"novembro 12, 2022","format":false,"excerpt":"O estudo do Manual \u00e9 um meio excelente (para os\u00a0membros se familiarizarem completamente com as id\u00e9ias nele), mas nunca poder\u00e1 substituir a Alocu\u00e7\u00e3o. Alguns legion\u00e1rios pensam ter estudado o Manual de modo satisfat\u00f3rio s\u00f3 porque o leram atentamente duas ou tr\u00eas vezes. Ora nem dez nem vinte leituras dar\u00e3o a\u2026","rel":"","context":"Post similar","block_context":{"text":"Post similar","link":""},"img":{"alt_text":"","src":"","width":0,"height":0},"classes":[]},{"id":46,"url":"https:\/\/legiaodemaria.org.br\/index.php\/__trashed-6__trashed\/","url_meta":{"origin":1944,"position":1},"title":"Artigos","author":"Alex Silva","date":"setembro 29, 2022","format":false,"excerpt":"ALLOCUTIO \"O estudo do Manual \u00e9 um meio excelente (para os\u00a0membros se familiarizarem completamente com as ideias nele), mas nunca poder\u00e1 substituir a Alocu\u00e7\u00e3o. Alguns legion\u00e1rios pensam ter estudado o Manual de modo satisfat\u00f3rio s\u00f3 porque o leram atentamente duas ou tr\u00eas vezes. Ora nem dez nem vinte leituras dar\u00e3o\u2026","rel":"","context":"Post similar","block_context":{"text":"Post similar","link":""},"img":{"alt_text":"","src":"","width":0,"height":0},"classes":[]},{"id":43,"url":"https:\/\/legiaodemaria.org.br\/index.php\/__trashed-3__trashed\/","url_meta":{"origin":1944,"position":2},"title":"Conselhos","author":"Alex Silva","date":"setembro 29, 2022","format":false,"excerpt":"A Legi\u00e3o de Maria cont\u00e9m uma organiza\u00e7\u00e3o hier\u00e1rquica para garantir a unidade da associa\u00e7\u00e3o em todo o mundo. Os conselhos s\u00e3o respons\u00e1veis por supervisionar os praesidia ou outros conselhos de maneira a cumprir o que \u00e9 preconizado no manual da Legi\u00e3o, para que todos tenham sempre o mesmo o direcionamento\u2026","rel":"","context":"Post similar","block_context":{"text":"Post similar","link":""},"img":{"alt_text":"","src":"https:\/\/i0.wp.com\/legiaodemaria.org.br\/wp-content\/uploads\/2022\/09\/92942b_c139b58c34834797bee267d1e60f66e1-1.webp?resize=350%2C200&ssl=1","width":350,"height":200,"srcset":"https:\/\/i0.wp.com\/legiaodemaria.org.br\/wp-content\/uploads\/2022\/09\/92942b_c139b58c34834797bee267d1e60f66e1-1.webp?resize=350%2C200&ssl=1 1x, https:\/\/i0.wp.com\/legiaodemaria.org.br\/wp-content\/uploads\/2022\/09\/92942b_c139b58c34834797bee267d1e60f66e1-1.webp?resize=525%2C300&ssl=1 1.5x"},"classes":[]},{"id":1355,"url":"https:\/\/legiaodemaria.org.br\/index.php\/quem-somos\/","url_meta":{"origin":1944,"position":3},"title":"Legi\u00e3o de Maria","author":"Alex Silva","date":"novembro 12, 2022","format":false,"excerpt":"O Senatus Assumpta, do Rio de Janeiro, \u00e9 respons\u00e1vel pela Legi\u00e3o de Maria em uma vasta \u00e1rea do pa\u00eds, incluindo os estados do Rio de Janeiro, Esp\u00edrito Santo, Amazonas, Roraima, Acre e Rond\u00f4nia. Est\u00e3o filiadas a ele tr\u00eas Regiae: Immaculata (Vit\u00f3ria - ES), Deigenitrix (Niter\u00f3i - RJ) e Regina Apostolorum\u2026","rel":"","context":"Post similar","block_context":{"text":"Post similar","link":""},"img":{"alt_text":"","src":"","width":0,"height":0},"classes":[]},{"id":1644,"url":"https:\/\/legiaodemaria.org.br\/index.php\/__trashed-3__trashed\/senatus-assumpta-rj\/","url_meta":{"origin":1944,"position":4},"title":"Senatus Assumpta RJ","author":"Alex Silva","date":"novembro 16, 2022","format":false,"excerpt":"O Senatus Assumpta, do Rio de Janeiro, \u00e9 respons\u00e1vel pela Legi\u00e3o de Maria em uma vasta \u00e1rea do pa\u00eds, incluindo os estados do Rio de Janeiro, Esp\u00edrito Santo, Amazonas, Roraima, Acre e Rond\u00f4nia. Est\u00e3o filiadas a ele tr\u00eas Regiae: Immaculata (Vit\u00f3ria - ES), Deigenitrix (Niter\u00f3i - RJ) e Regina Apostolorum\u2026","rel":"","context":"Post similar","block_context":{"text":"Post similar","link":""},"img":{"alt_text":"","src":"","width":0,"height":0},"classes":[]},{"id":2082,"url":"https:\/\/legiaodemaria.org.br\/index.php\/padre-jorge-paulo\/","url_meta":{"origin":1944,"position":5},"title":"Padre Jorge Paulo","author":"Alex Silva","date":"agosto 17, 2023","format":false,"excerpt":"Padre Jorge Paulo Ponciano de Farias \u00e9 do clero da Arquidiocese de Belo Horizonte - Minas Gerais. Trabalha na Par\u00f3quia Sagrada Fam\u00edlia de Nazar\u00e9, Ribeir\u00e3o das Neves Regi\u00e3o Metropolitana de Belo Horizonte, onde \u00e9 Administrador Paroquial. Atualmente \u00e9 Diretor Espiritual do Comitium Nossa Senhora do Ros\u00e1rio, e da Curia Nossa\u2026","rel":"","context":"Post similar","block_context":{"text":"Post similar","link":""},"img":{"alt_text":"","src":"https:\/\/i0.wp.com\/legiaodemaria.org.br\/wp-content\/uploads\/2023\/08\/Pe.-Jorge-Paulo-e1692279272904.jpeg?fit=457%2C410&ssl=1&resize=350%2C200","width":350,"height":200},"classes":[]}],"jetpack_sharing_enabled":true,"jetpack_shortlink":"https:\/\/wp.me\/PehtMR-vm","_links":{"self":[{"href":"https:\/\/legiaodemaria.org.br\/index.php\/wp-json\/wp\/v2\/pages\/1944","targetHints":{"allow":["GET"]}}],"collection":[{"href":"https:\/\/legiaodemaria.org.br\/index.php\/wp-json\/wp\/v2\/pages"}],"about":[{"href":"https:\/\/legiaodemaria.org.br\/index.php\/wp-json\/wp\/v2\/types\/page"}],"author":[{"embeddable":true,"href":"https:\/\/legiaodemaria.org.br\/index.php\/wp-json\/wp\/v2\/users\/3"}],"replies":[{"embeddable":true,"href":"https:\/\/legiaodemaria.org.br\/index.php\/wp-json\/wp\/v2\/comments?post=1944"}],"version-history":[{"count":8,"href":"https:\/\/legiaodemaria.org.br\/index.php\/wp-json\/wp\/v2\/pages\/1944\/revisions"}],"predecessor-version":[{"id":2124,"href":"https:\/\/legiaodemaria.org.br\/index.php\/wp-json\/wp\/v2\/pages\/1944\/revisions\/2124"}],"wp:attachment":[{"href":"https:\/\/legiaodemaria.org.br\/index.php\/wp-json\/wp\/v2\/media?parent=1944"}],"curies":[{"name":"wp","href":"https:\/\/api.w.org\/{rel}","templated":true}]}}