{"id":1926,"date":"2022-11-26T11:04:20","date_gmt":"2022-11-26T14:04:20","guid":{"rendered":"https:\/\/legiaodemaria.org.br\/?page_id=1926"},"modified":"2024-06-12T11:52:12","modified_gmt":"2024-06-12T14:52:12","slug":"1926-2","status":"publish","type":"page","link":"https:\/\/legiaodemaria.org.br\/index.php\/__trashed-3__trashed\/1926-2\/","title":{"rendered":"Conselhos do Brasil"},"content":{"rendered":"\n<figure class=\"wp-block-table is-style-stripes\"><table><tbody><tr><td><strong>Senatus Assumpta &#8211; Rio de Janeiro \/ RJ<\/strong>\u00a0<br>Rua Benjamim Constant, 23, sala 505\u00a0<br>Gl\u00f3ria &#8211; Rio de Janeiro \/ RJ\u00a0<br>CEP: 20241-150\u00a0<br>Fone: (21) 2224.1873\u00a0\u00a0<br>WhatsApp: (21) 2224.1873<br>Site: www.legiaodemaria.org.br<br>e-mail: senatus@legiaodemaria.org.br<\/td><td><\/td><\/tr><tr><td><strong>Regia Immaculata &#8211; Vit\u00f3ria \/ ES<\/strong>&nbsp;<br>Av. Hugo Musso, 2042, apto 602&nbsp;<br>Praia de Itapu\u00e3 &#8211; Vila Velha &#8211; Vit\u00f3ria \/ ES&nbsp;<br>CEP: 29101-281&nbsp;<br>Fone:&nbsp;&nbsp;<\/td><td><\/td><\/tr><tr><td><strong>Regia Deigenitrix &#8211; Niter\u00f3i \/ RJ<\/strong>&nbsp;<br>Rua Murilo Portugal, 36, casa 1&nbsp;<br>Bairro S\u00e3o Francisco &#8211; Niter\u00f3i \/ RJ&nbsp;<br>CEP: 24360-410&nbsp;<br>Fone:&nbsp;&nbsp;<\/td><td><\/td><\/tr><tr><td><strong>Regia Regina Apostolorum &#8211; S\u00e3o Jo\u00e3o do Meriti \/ RJ<\/strong>&nbsp;<br>Rua Hilda Lima, 183&nbsp;<br>S\u00e3o Jo\u00e3o do Meriti \/ RJ&nbsp;<br>CEP: 25525-020&nbsp;<br>Fone:&nbsp;&nbsp;<\/td><td><\/td><\/tr><tr><td><strong>Regia Aparecida &#8211; Bras\u00edlia \/ DF<\/strong>&nbsp;<br>SHIGS 703 Bloco F casa 48&nbsp;<br>Asa Sul &#8211; Bras\u00edlia \/ DF&nbsp;<br>CEP: 70331-706&nbsp;<br>Fone: (61) 3223.3029&nbsp;&nbsp;<\/td><td><\/td><\/tr><tr><td><strong>Senatus Immaculata &#8211; Belo Horizonte \/ MG<\/strong>&nbsp;<br>Av. Guaratan, 1037&nbsp;<br>Bairro Calafate &#8211; Belo Horizonte \/ MG&nbsp;<br>CEP: 30480-340&nbsp;<br>Fone: (31) 3273.9795&nbsp;&nbsp;<br>Site: <a href=\"http:\/\/www.legiaodemariabh.org.br\" target=\"_blank\" rel=\"noreferrer noopener\">www.legiaodemariabh.org.br<\/a><\/td><td><\/td><\/tr><tr><td><strong>Regia Nossa Senhora do Carmo &#8211; Uberl\u00e2ndia \/ MG<\/strong>&nbsp;<br>Av. Belo Horizonte, 54&nbsp;<br>Rezende &#8211; Uberl\u00e2ndia \/ MG&nbsp;<br>CEP: 38400-454&nbsp;<br>Fone:&nbsp;&nbsp;<\/td><td><\/td><\/tr><tr><td><strong>Regia Nossa Senhora da Gl\u00f3ria &#8211; Montes Claros \/ MG<\/strong>&nbsp;<br>Rua S\u00e3o Geraldo, 119&nbsp;<br>Bairro Santos Reis &#8211; Montes Claros\/MG&nbsp;<br>CEP: 39401-539&nbsp;<br>Fone: (38) 3214.0182<\/td><td><\/td><\/tr><tr><td>&nbsp;&nbsp;<strong>Senatus Immaculata &#8211; Fortaleza \/ CE<\/strong>&nbsp;<br>Rua Bar\u00e3o de Aratanha, 1206&nbsp;<br>Jos\u00e9 Bonif\u00e1cio &#8211; Fortaleza \/ CE&nbsp;<br>CEP: 60050-071&nbsp;<br>Fone: (85) 3231.2050&nbsp;<\/td><td><\/td><\/tr><tr><td><strong>Regia Nossa Senhora da Apresenta\u00e7\u00e3o &#8211; Natal \/ RN<\/strong>&nbsp;<br>Rua Ary Parreira n\u00ba 1395&nbsp;<br>Alecrim &#8211; Natal \/ RN&nbsp;<br>CEP: 59040-220&nbsp;<br>Fone: (84) 3613.0572&nbsp;&nbsp;<\/td><td><\/td><\/tr><tr><td><strong>Senatus Fid\u00e9lis &#8211; S\u00e3o Lu\u00eds \/ MA<\/strong>&nbsp;<br>Rua do Carmelo, 37&nbsp;<br>Santo Ant\u00f4nio &#8211; S\u00e3o Lu\u00eds \/ MA&nbsp;<br>CEP: 65048-410&nbsp;<br>Fone: (98) 3253.8281&nbsp;&nbsp;<\/td><td><\/td><\/tr><tr><td><strong>Regia N. Sra. Imaculada Concei\u00e7\u00e3o &#8211; Teresina \/ PI<\/strong>&nbsp;<br>Av. Frei Serafim, 3200 &#8211; Edif\u00edcio Paulo VI&nbsp;<br>Teresina \/ PI&nbsp;<br>CEP: 64001-020&nbsp;<br>Fone: (86) 3222.7268<\/td><td><\/td><\/tr><tr><td><strong>Regia Maria M\u00e3e da Igreja &#8211; Imperatriz\/MA<\/strong>&nbsp;<br>Rua S\u00e3o Domingos, 42&nbsp;<br>Centro &#8211; Imperatriz\/MA&nbsp;<br>CEP: 65900-130&nbsp;<br>Fone: (99) 3524.3486&nbsp;&nbsp;<\/td><td><\/td><\/tr><tr><td><strong>Senatus Imaculada &#8211; Salvador \/ BA<\/strong>&nbsp;<br>Rua Brigadeiro Guimar\u00e3es, 09&nbsp;<br>Barbalho &#8211; Salvador \/ BA&nbsp;<br>CEP: 40050-020&nbsp;<br>Fone: (71) 3241.4594&nbsp;&nbsp;<\/td><td><\/td><\/tr><tr><td><strong>Regia Hum\u00edllima &#8211; Vit\u00f3ria da Conquista \/ BA<\/strong>&nbsp;<br>Rua Porto Alegre, 534&nbsp;<br>Patag\u00f4nia &#8211; Vit\u00f3ria da Conquista \/ BA&nbsp;<br>CEP: 45065-050&nbsp;<br>Fone: (77) 3423.2752&nbsp;&nbsp;<\/td><td><\/td><\/tr><tr><td><strong>Regia M\u00e3e da Divina Gra\u00e7a &#8211; Aracaj\u00fa \/ SE<\/strong>&nbsp;<br>Rua Carlos Correia, 184&nbsp;<br>Bairro Siqueira Campos &#8211; Aracaj\u00fa \/ SE&nbsp;<br>CEP: 49075-120&nbsp;<br>Fone: (79) 3222.9510&nbsp;&nbsp;<\/td><td><\/td><\/tr><tr><td><strong>Senatus Nossa Senhora Medianeira de Todas as Gra\u00e7as &#8211; Recife \/ PE<\/strong>&nbsp;<br>Av. Oliveira Lima, 1029&nbsp;<br>Boa Vista &#8211; Recife \/ PE&nbsp;<br>CEP: 50050-390&nbsp;<br>Fone: (81) 3221.5540&nbsp;<\/td><td><\/td><\/tr><tr><td><strong>Regia Gloriosa &#8211; Macei\u00f3 \/ AL<\/strong>&nbsp;<br>Rua Jo\u00e3o Malaquias, 29&nbsp;<br>Po\u00e7o &#8211; Macei\u00f3 \/ AL&nbsp;<br>CEP: 57036-360&nbsp;<br>Fone:&nbsp;&nbsp;<\/td><td><\/td><\/tr><tr><td><strong>Regia Nossa Senhora Medianeira de Todas as Gra\u00e7as &#8211; Jo\u00e3o Pessoa \/ PB<\/strong>&nbsp;<br>Rua Arag\u00e3o e Melo, 836&nbsp;<br>Torre &#8211; Jo\u00e3o Pessoa \/ PB&nbsp;<br>CEP: 58040-000&nbsp;<br>Fone: (83) 3225.3996&nbsp;&nbsp;<\/td><td><\/td><\/tr><tr><td><strong>Senatus Assumpta &#8211; Ponta Grossa \/ PR<\/strong>&nbsp;<br>P\u00e7a. Marechal Floriano Peixoto, 581 2\u00ba andar&nbsp;<br>Centro &#8211; Ponta Grossa \/ PR&nbsp;<br>CEP: 84010-320&nbsp;<br>Fone: (42) 3224.4225&nbsp;&nbsp;<\/td><td><\/td><\/tr><tr><td><strong>Regia Nossa Senhora dos Prazeres &#8211; Lages \/ SC<\/strong>&nbsp;<br>Rua Silvino Duarte J\u00fanior, 103&nbsp;<br>Bairro Popular &#8211; Lages \/ SC&nbsp;<br>CEP: 88526-060&nbsp;<br>Fone:&nbsp;&nbsp;<\/td><td><\/td><\/tr><tr><td><strong>Regia Virgo Clemens &#8211; Assis \/ SP<\/strong>&nbsp;<br>Rua Dom Jos\u00e9 L\u00e1zaro Neves, 414&nbsp;<br>Centro &#8211; Assis \/ SP&nbsp;<br>CEP: 19814-391&nbsp;<br>Fone: (18) 99633-1350&nbsp;&nbsp;<\/td><td><\/td><\/tr><tr><td><strong>Senatus Nossa Senhora Aparecida &#8211; S\u00e3o Paulo \/ SP<\/strong>&nbsp;<br>Av. Liberdade, 91 &#8211; Sobreloja&nbsp;<br>Liberdade &#8211; S\u00e3o Paulo \/ SP&nbsp;<br>CEP: 01503-903&nbsp;<br>Fone: (11) 3104.5980&nbsp;<br>Site: <a href=\"https:\/\/www.senatus.org.br\/\" target=\"_blank\" rel=\"noreferrer noopener\">www.senatus.org.br\/<\/a><\/td><td><\/td><\/tr><tr><td><strong>Regia Nossa Senhora Auxiliadora &#8211; Cuiab\u00e1 \/ MT<\/strong>&nbsp;<br>Rua Antonia Maria, 130&nbsp;<br>Centro &#8211; Cuiab\u00e1 \/ MT&nbsp;<br>CEP: 78005-420&nbsp;<br>Fone: (65) 3027.3998&nbsp;<\/td><td><\/td><\/tr><tr><td><strong>Regia N. Sra. da Assun\u00e7\u00e3o &#8211; Campo Grande \/ MS<\/strong>&nbsp;<br>Rua 26 de Agosto, 384, salas 134 e 136&nbsp;<br>Centro &#8211; Campo Grande \/ MS&nbsp;<br>CEP: 79002-913&nbsp;<br>Fone: (67) 3044.6429&nbsp;&nbsp;<\/td><td><\/td><\/tr><tr><td><strong>Senatus Nossa Senhora da Concei\u00e7\u00e3o &#8211; Santa Maria \/ RS<\/strong>&nbsp;<br>Rua Ernesto Beck, 1786&nbsp;<br>Santa Maria \/ RS&nbsp;<br>CEP: 97010-140&nbsp;<br>Fone: (55) 3222.9641<\/td><td><\/td><\/tr><\/tbody><\/table><\/figure>\n","protected":false},"excerpt":{"rendered":"<p>Senatus Assumpta &#8211; Rio de Janeiro \/ RJ\u00a0Rua Benjamim Constant, 23, sala 505\u00a0Gl\u00f3ria &#8211; Rio de Janeiro \/ RJ\u00a0CEP: 20241-150\u00a0Fone: [&#8230;]<\/p>\n","protected":false},"author":3,"featured_media":0,"parent":43,"menu_order":0,"comment_status":"closed","ping_status":"closed","template":"","meta":{"_crdt_document":"","footnotes":""},"class_list":["post-1926","page","type-page","status-publish","hentry"],"jetpack-related-posts":[{"id":1644,"url":"https:\/\/legiaodemaria.org.br\/index.php\/__trashed-3__trashed\/senatus-assumpta-rj\/","url_meta":{"origin":1926,"position":0},"title":"Senatus Assumpta RJ","author":"Alex Silva","date":"novembro 16, 2022","format":false,"excerpt":"O Senatus Assumpta, do Rio de Janeiro, \u00e9 respons\u00e1vel pela Legi\u00e3o de Maria em uma vasta \u00e1rea do pa\u00eds, incluindo os estados do Rio de Janeiro, Esp\u00edrito Santo, Amazonas, Roraima, Acre e Rond\u00f4nia. Est\u00e3o filiadas a ele tr\u00eas Regiae: Immaculata (Vit\u00f3ria - ES), Deigenitrix (Niter\u00f3i - RJ) e Regina Apostolorum\u2026","rel":"","context":"Post similar","block_context":{"text":"Post similar","link":""},"img":{"alt_text":"","src":"","width":0,"height":0},"classes":[]},{"id":1355,"url":"https:\/\/legiaodemaria.org.br\/index.php\/quem-somos\/","url_meta":{"origin":1926,"position":1},"title":"Legi\u00e3o de Maria","author":"Alex Silva","date":"novembro 12, 2022","format":false,"excerpt":"O Senatus Assumpta, do Rio de Janeiro, \u00e9 respons\u00e1vel pela Legi\u00e3o de Maria em uma vasta \u00e1rea do pa\u00eds, incluindo os estados do Rio de Janeiro, Esp\u00edrito Santo, Amazonas, Roraima, Acre e Rond\u00f4nia. Est\u00e3o filiadas a ele tr\u00eas Regiae: Immaculata (Vit\u00f3ria - ES), Deigenitrix (Niter\u00f3i - RJ) e Regina Apostolorum\u2026","rel":"","context":"Post similar","block_context":{"text":"Post similar","link":""},"img":{"alt_text":"","src":"","width":0,"height":0},"classes":[]},{"id":47,"url":"https:\/\/legiaodemaria.org.br\/index.php\/__trashed-7__trashed\/","url_meta":{"origin":1926,"position":2},"title":"Acervos","author":"Alex Silva","date":"setembro 29, 2022","format":false,"excerpt":"A hist\u00f3ria da Legi\u00e3o de Maria \u00e9 preciosa, pois \u00e9 fonte de inspira\u00e7\u00e3o para as novas gera\u00e7\u00f5es de legion\u00e1rios! O Rio de Janeiro foi aben\u00e7oado por Deus tendo a funda\u00e7\u00e3o do primeiro praesidium do Brasil, e o Senatus RJ possui alguns registros importantes dessa caminhada. Clique nas figuras abaixo para\u2026","rel":"","context":"Com 2 coment\u00e1rios","block_context":{"text":"Com 2 coment\u00e1rios","link":"https:\/\/legiaodemaria.org.br\/index.php\/__trashed-7__trashed\/#comments"},"img":{"alt_text":"","src":"https:\/\/i0.wp.com\/legiaodemaria.org.br\/wp-content\/uploads\/2022\/11\/Relatorio8.png?resize=350%2C200&ssl=1","width":350,"height":200,"srcset":"https:\/\/i0.wp.com\/legiaodemaria.org.br\/wp-content\/uploads\/2022\/11\/Relatorio8.png?resize=350%2C200&ssl=1 1x, https:\/\/i0.wp.com\/legiaodemaria.org.br\/wp-content\/uploads\/2022\/11\/Relatorio8.png?resize=525%2C300&ssl=1 1.5x"},"classes":[]},{"id":46,"url":"https:\/\/legiaodemaria.org.br\/index.php\/__trashed-6__trashed\/","url_meta":{"origin":1926,"position":3},"title":"Artigos","author":"Alex Silva","date":"setembro 29, 2022","format":false,"excerpt":"ALLOCUTIO \"O estudo do Manual \u00e9 um meio excelente (para os\u00a0membros se familiarizarem completamente com as ideias nele), mas nunca poder\u00e1 substituir a Alocu\u00e7\u00e3o. Alguns legion\u00e1rios pensam ter estudado o Manual de modo satisfat\u00f3rio s\u00f3 porque o leram atentamente duas ou tr\u00eas vezes. Ora nem dez nem vinte leituras dar\u00e3o\u2026","rel":"","context":"Post similar","block_context":{"text":"Post similar","link":""},"img":{"alt_text":"","src":"","width":0,"height":0},"classes":[]},{"id":48,"url":"https:\/\/legiaodemaria.org.br\/index.php\/__trashed-8__trashed\/","url_meta":{"origin":1926,"position":4},"title":"Sejule-RJ","author":"Alex Silva","date":"setembro 29, 2022","format":false,"excerpt":"Se jovens n\u00e3o gostam de ficar parados, imagina jovens repletos do Esp\u00edrito Santo que tem Maria Sant\u00edssima como m\u00e3e e intercessora?\u00a0 Confira abaixo, direto da p\u00e1gina do Instagram, todas as publica\u00e7\u00f5es de Gotinhas Legion\u00e1rias, divulga\u00e7\u00e3o de eventos,\u00a0fotos dos principais acontecimentos e fique por dentro do que a Juventude Legion\u00e1ria tem\u2026","rel":"","context":"Post similar","block_context":{"text":"Post similar","link":""},"img":{"alt_text":"","src":"https:\/\/i0.wp.com\/legiaodemaria.org.br\/wp-content\/uploads\/2022\/10\/92942b_b73b18a8517f4ae3b465e30ded463cff.webp?resize=350%2C200&ssl=1","width":350,"height":200,"srcset":"https:\/\/i0.wp.com\/legiaodemaria.org.br\/wp-content\/uploads\/2022\/10\/92942b_b73b18a8517f4ae3b465e30ded463cff.webp?resize=350%2C200&ssl=1 1x, https:\/\/i0.wp.com\/legiaodemaria.org.br\/wp-content\/uploads\/2022\/10\/92942b_b73b18a8517f4ae3b465e30ded463cff.webp?resize=525%2C300&ssl=1 1.5x"},"classes":[]},{"id":1403,"url":"https:\/\/legiaodemaria.org.br\/index.php\/allocutio-2\/","url_meta":{"origin":1926,"position":5},"title":"Allocutio","author":"Alex Silva","date":"novembro 12, 2022","format":false,"excerpt":"O estudo do Manual \u00e9 um meio excelente (para os\u00a0membros se familiarizarem completamente com as id\u00e9ias nele), mas nunca poder\u00e1 substituir a Alocu\u00e7\u00e3o. Alguns legion\u00e1rios pensam ter estudado o Manual de modo satisfat\u00f3rio s\u00f3 porque o leram atentamente duas ou tr\u00eas vezes. Ora nem dez nem vinte leituras dar\u00e3o a\u2026","rel":"","context":"Post similar","block_context":{"text":"Post similar","link":""},"img":{"alt_text":"","src":"","width":0,"height":0},"classes":[]}],"jetpack_sharing_enabled":true,"jetpack_shortlink":"https:\/\/wp.me\/PehtMR-v4","_links":{"self":[{"href":"https:\/\/legiaodemaria.org.br\/index.php\/wp-json\/wp\/v2\/pages\/1926","targetHints":{"allow":["GET"]}}],"collection":[{"href":"https:\/\/legiaodemaria.org.br\/index.php\/wp-json\/wp\/v2\/pages"}],"about":[{"href":"https:\/\/legiaodemaria.org.br\/index.php\/wp-json\/wp\/v2\/types\/page"}],"author":[{"embeddable":true,"href":"https:\/\/legiaodemaria.org.br\/index.php\/wp-json\/wp\/v2\/users\/3"}],"replies":[{"embeddable":true,"href":"https:\/\/legiaodemaria.org.br\/index.php\/wp-json\/wp\/v2\/comments?post=1926"}],"version-history":[{"count":6,"href":"https:\/\/legiaodemaria.org.br\/index.php\/wp-json\/wp\/v2\/pages\/1926\/revisions"}],"predecessor-version":[{"id":2164,"href":"https:\/\/legiaodemaria.org.br\/index.php\/wp-json\/wp\/v2\/pages\/1926\/revisions\/2164"}],"up":[{"embeddable":true,"href":"https:\/\/legiaodemaria.org.br\/index.php\/wp-json\/wp\/v2\/pages\/43"}],"wp:attachment":[{"href":"https:\/\/legiaodemaria.org.br\/index.php\/wp-json\/wp\/v2\/media?parent=1926"}],"curies":[{"name":"wp","href":"https:\/\/api.w.org\/{rel}","templated":true}]}}