{"id":1644,"date":"2022-11-16T20:42:14","date_gmt":"2022-11-16T20:42:14","guid":{"rendered":"https:\/\/legiaodemaria.org.br\/?page_id=1644"},"modified":"2024-08-07T16:11:36","modified_gmt":"2024-08-07T19:11:36","slug":"senatus-assumpta-rj","status":"publish","type":"page","link":"https:\/\/legiaodemaria.org.br\/index.php\/__trashed-3__trashed\/senatus-assumpta-rj\/","title":{"rendered":"Senatus Assumpta RJ"},"content":{"rendered":"O Senatus Assumpta, do Rio de Janeiro, \u00e9 respons\u00e1vel pela Legi\u00e3o de Maria em uma vasta \u00e1rea do pa\u00eds, incluindo os estados do <strong>Rio de Janeiro<\/strong>, <strong>Esp\u00edrito Santo<\/strong>, <strong>Amazonas<\/strong>, <strong>Roraima<\/strong>, <strong>Acre<\/strong> e <strong>Rond\u00f4nia<\/strong>. Est\u00e3o filiadas a ele tr\u00eas Regiae: Immaculata (<strong>Vit\u00f3ria &#8211; ES<\/strong>), Deigenitrix (<strong>Niter\u00f3i &#8211; RJ<\/strong>) e Regina Apostolorum (<strong>S\u00e3o Jo\u00e3o de Meriti &#8211; RJ<\/strong>). O Senatus Assumpta se reporta diretamente ao Concilium da Irlanda.\n\n<!-- \/wp:post-content -->\n\n<!-- wp:paragraph -->\n\n\u200b\n\n<!-- \/wp:paragraph -->\n\n<!-- wp:paragraph -->\n\nA diretoria \u00e9 atualmente composta por: <strong>Bispo referencial da Legi\u00e3o de Maria junto \u00e0 CNBB:<\/strong>\u00a0Dom Edson de Castro Homem\n\n<!-- \/wp:paragraph -->\n\n<!-- wp:paragraph -->\n\n<strong>Diretor Espiritual:<\/strong>\u00a0Dom Edson de Castro Homem\n\n<!-- \/wp:paragraph -->\n\n<!-- wp:paragraph -->\n\n<strong>Presidente:<\/strong> Matilde Lopes Pinto\n\n<!-- \/wp:paragraph -->\n\n<!-- wp:paragraph -->\n\n<strong>Vice-Presidente:<\/strong>\u00a0Jos\u00e9 Ant\u00f4nio Gra\u00e7a Moura\n\n<!-- \/wp:paragraph -->\n\n<!-- wp:paragraph -->\n\n<strong>1\u00b0 Secret\u00e1ria:<\/strong> Maria Octavia Pereira Castro Cunha\n\n<!-- \/wp:paragraph -->\n\n<!-- wp:paragraph -->\n\n<strong>2\u00b0 Secret\u00e1ria:<\/strong>\u00a0Roberto Barreto Bruce Neto\n\n<!-- \/wp:paragraph -->\n\n<!-- wp:paragraph -->\n\n<strong>1\u00b0 Tesoureiro:<\/strong> Manoel Gon\u00e7alves Guimar\u00e3es\n\n<!-- \/wp:paragraph -->\n\n<!-- wp:paragraph -->\n\n<strong>2\u00b0 Tesoureira:<\/strong> Vera Lucia\n\n<!-- \/wp:paragraph -->\n\n<!-- wp:paragraph {\"align\":\"right\"} -->\n<p class=\"has-text-align-right\">Revis\u00e3o: Alex Silva<\/p>","protected":false},"excerpt":{"rendered":"<p>O Senatus Assumpta, do Rio de Janeiro, \u00e9 respons\u00e1vel pela Legi\u00e3o de Maria em uma vasta \u00e1rea do pa\u00eds, incluindo [&#8230;]<\/p>\n","protected":false},"author":3,"featured_media":0,"parent":43,"menu_order":0,"comment_status":"closed","ping_status":"closed","template":"","meta":{"_crdt_document":"","footnotes":""},"class_list":["post-1644","page","type-page","status-publish","hentry"],"jetpack-related-posts":[{"id":1355,"url":"https:\/\/legiaodemaria.org.br\/index.php\/quem-somos\/","url_meta":{"origin":1644,"position":0},"title":"Legi\u00e3o de Maria","author":"Alex Silva","date":"novembro 12, 2022","format":false,"excerpt":"O Senatus Assumpta, do Rio de Janeiro, \u00e9 respons\u00e1vel pela Legi\u00e3o de Maria em uma vasta \u00e1rea do pa\u00eds, incluindo os estados do Rio de Janeiro, Esp\u00edrito Santo, Amazonas, Roraima, Acre e Rond\u00f4nia. Est\u00e3o filiadas a ele tr\u00eas Regiae: Immaculata (Vit\u00f3ria - ES), Deigenitrix (Niter\u00f3i - RJ) e Regina Apostolorum\u2026","rel":"","context":"Post similar","block_context":{"text":"Post similar","link":""},"img":{"alt_text":"","src":"","width":0,"height":0},"classes":[]},{"id":47,"url":"https:\/\/legiaodemaria.org.br\/index.php\/__trashed-7__trashed\/","url_meta":{"origin":1644,"position":1},"title":"Acervos","author":"Alex Silva","date":"setembro 29, 2022","format":false,"excerpt":"A hist\u00f3ria da Legi\u00e3o de Maria \u00e9 preciosa, pois \u00e9 fonte de inspira\u00e7\u00e3o para as novas gera\u00e7\u00f5es de legion\u00e1rios! O Rio de Janeiro foi aben\u00e7oado por Deus tendo a funda\u00e7\u00e3o do primeiro praesidium do Brasil, e o Senatus RJ possui alguns registros importantes dessa caminhada. Clique nas figuras abaixo para\u2026","rel":"","context":"Com 2 coment\u00e1rios","block_context":{"text":"Com 2 coment\u00e1rios","link":"https:\/\/legiaodemaria.org.br\/index.php\/__trashed-7__trashed\/#comments"},"img":{"alt_text":"","src":"https:\/\/i0.wp.com\/legiaodemaria.org.br\/wp-content\/uploads\/2022\/11\/Relatorio8.png?resize=350%2C200&ssl=1","width":350,"height":200,"srcset":"https:\/\/i0.wp.com\/legiaodemaria.org.br\/wp-content\/uploads\/2022\/11\/Relatorio8.png?resize=350%2C200&ssl=1 1x, https:\/\/i0.wp.com\/legiaodemaria.org.br\/wp-content\/uploads\/2022\/11\/Relatorio8.png?resize=525%2C300&ssl=1 1.5x"},"classes":[]},{"id":45,"url":"https:\/\/legiaodemaria.org.br\/index.php\/__trashed-5__trashed\/","url_meta":{"origin":1644,"position":2},"title":"Not\u00edcias","author":"Alex Silva","date":"setembro 29, 2022","format":false,"excerpt":"Mensagem Padre F\u00e1bio Silveira - Maio 2021 Uma Romaria na Pandemia Homenagem \u00e0 Irm\u00e3 Z\u00e9lia Rainha COMUNICADO SOBRE COVID-19 Chamada - Caminhada da Legi\u00e3o de Maria ao Santu\u00e1rio da Penha - 2019 Chamada - Aniversario da Legi\u00e3o de Maria 2019 1\u00ba F\u00f3rum da Juventude Legion\u00e1ria do Rio de Janeiro 1\u00ba\u2026","rel":"","context":"Post similar","block_context":{"text":"Post similar","link":""},"img":{"alt_text":"","src":"","width":0,"height":0},"classes":[]},{"id":46,"url":"https:\/\/legiaodemaria.org.br\/index.php\/__trashed-6__trashed\/","url_meta":{"origin":1644,"position":3},"title":"Artigos","author":"Alex Silva","date":"setembro 29, 2022","format":false,"excerpt":"ALLOCUTIO \"O estudo do Manual \u00e9 um meio excelente (para os\u00a0membros se familiarizarem completamente com as ideias nele), mas nunca poder\u00e1 substituir a Alocu\u00e7\u00e3o. Alguns legion\u00e1rios pensam ter estudado o Manual de modo satisfat\u00f3rio s\u00f3 porque o leram atentamente duas ou tr\u00eas vezes. Ora nem dez nem vinte leituras dar\u00e3o\u2026","rel":"","context":"Post similar","block_context":{"text":"Post similar","link":""},"img":{"alt_text":"","src":"","width":0,"height":0},"classes":[]},{"id":224,"url":"https:\/\/legiaodemaria.org.br\/index.php\/historias-legionaria\/","url_meta":{"origin":1644,"position":4},"title":"Hist\u00f3rias Legion\u00e1rias","author":"Alex Silva","date":"outubro 27, 2022","format":false,"excerpt":"A Legi\u00e3o no Brasil teve in\u00edcio no Rio de Janeiro, e uma das oficiais do Senatus RJ, Irm\u00e3 Yolanda, participou do primeiro praesidium! Ela tem muito a nos contar, e por isso criamos esse espa\u00e7o, com testemunhos da nossa vice-presidente. A Legi\u00e3o e as Pontes \u201cAvancem para \u00e1guas mais profundas\u201d\u2026","rel":"","context":"Post similar","block_context":{"text":"Post similar","link":""},"img":{"alt_text":"","src":"","width":0,"height":0},"classes":[]},{"id":1403,"url":"https:\/\/legiaodemaria.org.br\/index.php\/allocutio-2\/","url_meta":{"origin":1644,"position":5},"title":"Allocutio","author":"Alex Silva","date":"novembro 12, 2022","format":false,"excerpt":"O estudo do Manual \u00e9 um meio excelente (para os\u00a0membros se familiarizarem completamente com as id\u00e9ias nele), mas nunca poder\u00e1 substituir a Alocu\u00e7\u00e3o. Alguns legion\u00e1rios pensam ter estudado o Manual de modo satisfat\u00f3rio s\u00f3 porque o leram atentamente duas ou tr\u00eas vezes. Ora nem dez nem vinte leituras dar\u00e3o a\u2026","rel":"","context":"Post similar","block_context":{"text":"Post similar","link":""},"img":{"alt_text":"","src":"","width":0,"height":0},"classes":[]}],"jetpack_sharing_enabled":true,"jetpack_shortlink":"https:\/\/wp.me\/PehtMR-qw","_links":{"self":[{"href":"https:\/\/legiaodemaria.org.br\/index.php\/wp-json\/wp\/v2\/pages\/1644","targetHints":{"allow":["GET"]}}],"collection":[{"href":"https:\/\/legiaodemaria.org.br\/index.php\/wp-json\/wp\/v2\/pages"}],"about":[{"href":"https:\/\/legiaodemaria.org.br\/index.php\/wp-json\/wp\/v2\/types\/page"}],"author":[{"embeddable":true,"href":"https:\/\/legiaodemaria.org.br\/index.php\/wp-json\/wp\/v2\/users\/3"}],"replies":[{"embeddable":true,"href":"https:\/\/legiaodemaria.org.br\/index.php\/wp-json\/wp\/v2\/comments?post=1644"}],"version-history":[{"count":4,"href":"https:\/\/legiaodemaria.org.br\/index.php\/wp-json\/wp\/v2\/pages\/1644\/revisions"}],"predecessor-version":[{"id":2166,"href":"https:\/\/legiaodemaria.org.br\/index.php\/wp-json\/wp\/v2\/pages\/1644\/revisions\/2166"}],"up":[{"embeddable":true,"href":"https:\/\/legiaodemaria.org.br\/index.php\/wp-json\/wp\/v2\/pages\/43"}],"wp:attachment":[{"href":"https:\/\/legiaodemaria.org.br\/index.php\/wp-json\/wp\/v2\/media?parent=1644"}],"curies":[{"name":"wp","href":"https:\/\/api.w.org\/{rel}","templated":true}]}}