{"id":1403,"date":"2022-11-12T12:22:00","date_gmt":"2022-11-12T15:22:00","guid":{"rendered":"https:\/\/legiaodemaria.org.br\/?page_id=1403"},"modified":"2023-09-14T11:44:53","modified_gmt":"2023-09-14T14:44:53","slug":"allocutio-2","status":"publish","type":"page","link":"https:\/\/legiaodemaria.org.br\/index.php\/allocutio-2\/","title":{"rendered":"Allocutio"},"content":{"rendered":"\n<p class=\"has-black-color has-text-color has-medium-font-size wp-block-paragraph\">O estudo do Manual \u00e9 um meio excelente (para os\u00a0membros se familiarizarem completamente com as id\u00e9ias nele), mas nunca poder\u00e1 substituir a Alocu\u00e7\u00e3o. Alguns legion\u00e1rios pensam ter estudado o Manual de modo satisfat\u00f3rio s\u00f3 porque o leram atentamente duas ou tr\u00eas vezes. Ora nem dez nem vinte leituras dar\u00e3o a conhecer a Legi\u00e3o como ela deseja ser conhecida. Tal objetivo s\u00f3 se conseguir\u00e1 \u00e0 for\u00e7a de muitas explica\u00e7\u00f5es e coment\u00e1rios orais, semana ap\u00f3s semana, ano ap\u00f3s ano.&#8221; cf. Manual Oficial da Legi\u00e3o de Maria, cap 18, item 11. Alocu\u00e7\u00e3o<\/p>\n\n\n\n<p class=\"has-medium-font-size wp-block-paragraph\"><a href=\"https:\/\/legiaodemaria.org.br\/index.php\/2023\/09\/14\/julho-2023\/\" target=\"_blank\" rel=\"noreferrer noopener\">Allocutio \u2013 Boletim Concilium (Julho \u2013 2023)<\/a><\/p>\n\n\n\n<p class=\"has-black-color has-text-color has-medium-font-size wp-block-paragraph\"><a rel=\"noreferrer noopener\" href=\"https:\/\/legiaodemaria.org.br\/?p=1945\" target=\"_blank\">Allocutio \u2013 Boletim Concilium (Outubro \u2013 2022)<\/a><\/p>\n\n\n\n<p class=\"has-medium-font-size wp-block-paragraph\"><a href=\"https:\/\/legiaodemaria.org.br\/?p=278\" target=\"_blank\" rel=\"noreferrer noopener\">O dever de \u201cexpandir o Reino\u201d<\/a><\/p>\n\n\n\n<p class=\"has-medium-font-size wp-block-paragraph\"><a rel=\"noreferrer noopener\" href=\"https:\/\/legiaodemaria.org.br\/?p=275\" target=\"_blank\">Allocutio &#8211; Boletim Concilium (Junho &#8211; 2016)<\/a><\/p>\n\n\n\n<p class=\"has-medium-font-size wp-block-paragraph\"><a rel=\"noreferrer noopener\" href=\"https:\/\/legiaodemaria.org.br\/?p=271\" target=\"_blank\">Pentecostes e Maria &#8211; Vem, Esp\u00edrito Santo!<\/a><\/p>\n\n\n\n<p class=\"has-black-color has-text-color has-medium-font-size wp-block-paragraph\"><a rel=\"noreferrer noopener\" href=\"https:\/\/legiaodemaria.org.br\/?p=267\" target=\"_blank\">Allocutio &#8211; Reuni\u00e3o do Senatus &#8211; RJ (Maio-2016)<\/a><\/p>\n\n\n\n<p class=\"has-medium-font-size wp-block-paragraph\"><a rel=\"noreferrer noopener\" href=\"https:\/\/legiaodemaria.org.br\/?p=269\" target=\"_blank\">Allocutio &#8211; Boletim Concilium (Maio &#8211; 2016)<\/a><\/p>\n\n\n\n<p class=\"has-medium-font-size wp-block-paragraph\"><a rel=\"noreferrer noopener\" href=\"https:\/\/legiaodemaria.org.br\/?p=261\" target=\"_blank\">Allocutio &#8211; Reuni\u00e3o do Senatus-RJ (Abril-2016)<\/a><\/p>\n\n\n\n<p class=\"has-medium-font-size wp-block-paragraph\"><a rel=\"noreferrer noopener\" href=\"https:\/\/legiaodemaria.org.br\/?p=265\" target=\"_blank\">Allocutio &#8211; Boletim Concilium (Abril &#8211; 2016)<\/a><\/p>\n\n\n\n<p class=\"has-medium-font-size wp-block-paragraph\"><a href=\"https:\/\/legiaodemaria.org.br\/?p=258\" target=\"_blank\" rel=\"noreferrer noopener\">Fi\u00e9is leigos<\/a><\/p>\n\n\n\n<p class=\"has-medium-font-size wp-block-paragraph\"><a rel=\"noreferrer noopener\" href=\"https:\/\/legiaodemaria.org.br\/?p=254\" target=\"_blank\">Allocutio &#8211; Reuni\u00e3o do Senatus-RJ (Mar\u00e7o-2016)<\/a><\/p>\n\n\n\n<p class=\"has-medium-font-size wp-block-paragraph\"><a rel=\"noreferrer noopener\" href=\"https:\/\/legiaodemaria.org.br\/?p=256\" target=\"_blank\">Allocutio &#8211; Boletim Concilium (Mar\u00e7o &#8211; 2016)<\/a><\/p>\n\n\n\n<p class=\"has-medium-font-size wp-block-paragraph\"><a rel=\"noreferrer noopener\" href=\"https:\/\/legiaodemaria.org.br\/?p=249\" target=\"_blank\">Allocutio &#8211; Reuni\u00e3o do Senatus-RJ (Fevereiro-2016)<\/a><\/p>\n\n\n\n<p class=\"has-medium-font-size wp-block-paragraph\"><a rel=\"noreferrer noopener\" href=\"https:\/\/legiaodemaria.org.br\/?p=252\" target=\"_blank\">Allocutio &#8211; Boletim Concilium (Fevereiro &#8211; 2016)<\/a><\/p>\n\n\n\n<p class=\"has-medium-font-size wp-block-paragraph\"><a rel=\"noreferrer noopener\" href=\"https:\/\/legiaodemaria.org.br\/?p=245\" target=\"_blank\">Allocutio &#8211; Reuni\u00e3o do Senatus-RJ (Janeiro-2016)<\/a><\/p>\n\n\n\n<p class=\"has-medium-font-size wp-block-paragraph\"><a rel=\"noreferrer noopener\" href=\"https:\/\/legiaodemaria.org.br\/?p=242\" target=\"_blank\">Allocutio &#8211; Boletim Concilium (Janeiro &#8211; 2016)<\/a><\/p>\n\n\n\n<p class=\"has-medium-font-size wp-block-paragraph\"><a rel=\"noreferrer noopener\" href=\"https:\/\/legiaodemaria.org.br\/?p=239\" target=\"_blank\">Allocutio &#8211; Reuni\u00e3o do Senatus (Dezembro\/2015)<\/a><\/p>\n\n\n\n<p class=\"has-medium-font-size wp-block-paragraph\"><a href=\"https:\/\/legiaodemaria.org.br\/?p=237\" target=\"_blank\" rel=\"noreferrer noopener\">Evangeliza\u00e7\u00e3o J\u00e1<\/a><\/p>\n\n\n\n<p class=\"has-medium-font-size wp-block-paragraph\"><a href=\"https:\/\/legiaodemaria.org.br\/?p=232\" target=\"_blank\" rel=\"noreferrer noopener\">S\u00ednodo. Mensagem do Papa: defender o homem e n\u00e3o ideias.<\/a><\/p>\n\n\n\n<p class=\"has-medium-font-size wp-block-paragraph\"><a rel=\"noreferrer noopener\" href=\"https:\/\/legiaodemaria.org.br\/?p=228\" target=\"_blank\">J\u00e1 n\u00e3o escravos, mas Irm\u00e3os<\/a><\/p>\n\n\n\n<p class=\"has-medium-font-size wp-block-paragraph\"><a rel=\"noreferrer noopener\" href=\"https:\/\/legiaodemaria.org.br\/?p=221\" target=\"_blank\">Nossa Senhora das Gra\u00e7as<\/a><\/p>\n\n\n\n<p class=\"wp-block-paragraph\"><\/p>\n","protected":false},"excerpt":{"rendered":"<p>O estudo do Manual \u00e9 um meio excelente (para os\u00a0membros se familiarizarem completamente com as id\u00e9ias nele), mas nunca poder\u00e1 [&#8230;]<\/p>\n","protected":false},"author":3,"featured_media":0,"parent":0,"menu_order":0,"comment_status":"open","ping_status":"closed","template":"","meta":{"_crdt_document":"","footnotes":""},"class_list":["post-1403","page","type-page","status-publish","hentry"],"jetpack-related-posts":[{"id":46,"url":"https:\/\/legiaodemaria.org.br\/index.php\/__trashed-6__trashed\/","url_meta":{"origin":1403,"position":0},"title":"Artigos","author":"Alex Silva","date":"setembro 29, 2022","format":false,"excerpt":"ALLOCUTIO \"O estudo do Manual \u00e9 um meio excelente (para os\u00a0membros se familiarizarem completamente com as ideias nele), mas nunca poder\u00e1 substituir a Alocu\u00e7\u00e3o. Alguns legion\u00e1rios pensam ter estudado o Manual de modo satisfat\u00f3rio s\u00f3 porque o leram atentamente duas ou tr\u00eas vezes. Ora nem dez nem vinte leituras dar\u00e3o\u2026","rel":"","context":"Post similar","block_context":{"text":"Post similar","link":""},"img":{"alt_text":"","src":"","width":0,"height":0},"classes":[]},{"id":45,"url":"https:\/\/legiaodemaria.org.br\/index.php\/__trashed-5__trashed\/","url_meta":{"origin":1403,"position":1},"title":"Not\u00edcias","author":"Alex Silva","date":"setembro 29, 2022","format":false,"excerpt":"Mensagem Padre F\u00e1bio Silveira - Maio 2021 Uma Romaria na Pandemia Homenagem \u00e0 Irm\u00e3 Z\u00e9lia Rainha COMUNICADO SOBRE COVID-19 Chamada - Caminhada da Legi\u00e3o de Maria ao Santu\u00e1rio da Penha - 2019 Chamada - Aniversario da Legi\u00e3o de Maria 2019 1\u00ba F\u00f3rum da Juventude Legion\u00e1ria do Rio de Janeiro 1\u00ba\u2026","rel":"","context":"Post similar","block_context":{"text":"Post similar","link":""},"img":{"alt_text":"","src":"","width":0,"height":0},"classes":[]},{"id":43,"url":"https:\/\/legiaodemaria.org.br\/index.php\/__trashed-3__trashed\/","url_meta":{"origin":1403,"position":2},"title":"Conselhos","author":"Alex Silva","date":"setembro 29, 2022","format":false,"excerpt":"A Legi\u00e3o de Maria cont\u00e9m uma organiza\u00e7\u00e3o hier\u00e1rquica para garantir a unidade da associa\u00e7\u00e3o em todo o mundo. Os conselhos s\u00e3o respons\u00e1veis por supervisionar os praesidia ou outros conselhos de maneira a cumprir o que \u00e9 preconizado no manual da Legi\u00e3o, para que todos tenham sempre o mesmo o direcionamento\u2026","rel":"","context":"Post similar","block_context":{"text":"Post similar","link":""},"img":{"alt_text":"","src":"https:\/\/i0.wp.com\/legiaodemaria.org.br\/wp-content\/uploads\/2022\/09\/92942b_c139b58c34834797bee267d1e60f66e1-1.webp?resize=350%2C200&ssl=1","width":350,"height":200,"srcset":"https:\/\/i0.wp.com\/legiaodemaria.org.br\/wp-content\/uploads\/2022\/09\/92942b_c139b58c34834797bee267d1e60f66e1-1.webp?resize=350%2C200&ssl=1 1x, https:\/\/i0.wp.com\/legiaodemaria.org.br\/wp-content\/uploads\/2022\/09\/92942b_c139b58c34834797bee267d1e60f66e1-1.webp?resize=525%2C300&ssl=1 1.5x"},"classes":[]},{"id":44,"url":"https:\/\/legiaodemaria.org.br\/index.php\/__trashed-4__trashed\/","url_meta":{"origin":1403,"position":3},"title":"Sinais de Santidades","author":"Alex Silva","date":"setembro 29, 2022","format":false,"excerpt":"A Legi\u00e3o de Maria est\u00e1 presente no mundo todo gra\u00e7as a sua Santa funda\u00e7\u00e3o, alicer\u00e7ada em ora\u00e7\u00e3o e confiante da intercess\u00e3o de Maria, e aos mission\u00e1rios que foram enviados para v\u00e1rios pa\u00edses levando Cristo e a Legi\u00e3o ao mundo. A Legi\u00e3o reza pela beatifica\u00e7\u00e3o de 3 legion\u00e1rios que s\u00e3o exemplos\u2026","rel":"","context":"Post similar","block_context":{"text":"Post similar","link":""},"img":{"alt_text":"","src":"https:\/\/i0.wp.com\/legiaodemaria.org.br\/wp-content\/uploads\/2022\/09\/92942b_36cec45e849f43f5ba4904570cb2de8b.webp?resize=350%2C200&ssl=1","width":350,"height":200},"classes":[]},{"id":1944,"url":"https:\/\/legiaodemaria.org.br\/index.php\/allocutio-boletim-concilium-outubro-2022\/","url_meta":{"origin":1403,"position":4},"title":"Boletim Concilium","author":"Alex Silva","date":"novembro 27, 2022","format":false,"excerpt":"Boletim do Concilium Julho de 2023 Boletim do Concilium outubro de 2022 Boletim do Concilium setembro de 2022","rel":"","context":"Post similar","block_context":{"text":"Post similar","link":""},"img":{"alt_text":"","src":"","width":0,"height":0},"classes":[]},{"id":224,"url":"https:\/\/legiaodemaria.org.br\/index.php\/historias-legionaria\/","url_meta":{"origin":1403,"position":5},"title":"Hist\u00f3rias Legion\u00e1rias","author":"Alex Silva","date":"outubro 27, 2022","format":false,"excerpt":"A Legi\u00e3o no Brasil teve in\u00edcio no Rio de Janeiro, e uma das oficiais do Senatus RJ, Irm\u00e3 Yolanda, participou do primeiro praesidium! Ela tem muito a nos contar, e por isso criamos esse espa\u00e7o, com testemunhos da nossa vice-presidente. A Legi\u00e3o e as Pontes \u201cAvancem para \u00e1guas mais profundas\u201d\u2026","rel":"","context":"Post similar","block_context":{"text":"Post similar","link":""},"img":{"alt_text":"","src":"","width":0,"height":0},"classes":[]}],"jetpack_sharing_enabled":true,"jetpack_shortlink":"https:\/\/wp.me\/PehtMR-mD","_links":{"self":[{"href":"https:\/\/legiaodemaria.org.br\/index.php\/wp-json\/wp\/v2\/pages\/1403","targetHints":{"allow":["GET"]}}],"collection":[{"href":"https:\/\/legiaodemaria.org.br\/index.php\/wp-json\/wp\/v2\/pages"}],"about":[{"href":"https:\/\/legiaodemaria.org.br\/index.php\/wp-json\/wp\/v2\/types\/page"}],"author":[{"embeddable":true,"href":"https:\/\/legiaodemaria.org.br\/index.php\/wp-json\/wp\/v2\/users\/3"}],"replies":[{"embeddable":true,"href":"https:\/\/legiaodemaria.org.br\/index.php\/wp-json\/wp\/v2\/comments?post=1403"}],"version-history":[{"count":11,"href":"https:\/\/legiaodemaria.org.br\/index.php\/wp-json\/wp\/v2\/pages\/1403\/revisions"}],"predecessor-version":[{"id":2122,"href":"https:\/\/legiaodemaria.org.br\/index.php\/wp-json\/wp\/v2\/pages\/1403\/revisions\/2122"}],"wp:attachment":[{"href":"https:\/\/legiaodemaria.org.br\/index.php\/wp-json\/wp\/v2\/media?parent=1403"}],"curies":[{"name":"wp","href":"https:\/\/api.w.org\/{rel}","templated":true}]}}